{"id":407,"date":"2021-07-17T16:06:39","date_gmt":"2021-07-17T19:06:39","guid":{"rendered":"https:\/\/equilibrioaromas.com.br\/?product=produto-75"},"modified":"2021-07-25T20:23:19","modified_gmt":"2021-07-25T23:23:19","slug":"produto-75","status":"publish","type":"product","link":"https:\/\/equilibrioaromas.com.br\/?product=produto-75","title":{"rendered":"EQUIL\u00cdBRIO SABONETE DESENGRAXANTE"},"content":{"rendered":"<p>Remove com efici\u00eancia as sujidades com elevado grau de dificuldade de remo\u00e7\u00e3o, bem como res\u00edduos de graxas, \u00f3leos e gorduras. N\u00e3o agride a pele.<\/p>\n<p>PA070010008 -1 L<\/p>\n<p>PA070050008 -5 L<\/p>\n<p>PA078000008 -800 mL REFIL<\/p>\n","protected":false},"excerpt":{"rendered":"<p>Remove com efici\u00eancia as sujidades com elevado grau de dificuldade de remo\u00e7\u00e3o, bem como res\u00edduos de graxas, \u00f3leos e gorduras. N\u00e3o agride a pele. PA070010008 -1<span class=\"excerpt-hellip\"> [\u2026]<\/span><\/p>\n","protected":false},"featured_media":567,"template":"","meta":[],"product_cat":[28,19],"product_tag":[],"_links":{"self":[{"href":"https:\/\/equilibrioaromas.com.br\/index.php?rest_route=\/wp\/v2\/product\/407"}],"collection":[{"href":"https:\/\/equilibrioaromas.com.br\/index.php?rest_route=\/wp\/v2\/product"}],"about":[{"href":"https:\/\/equilibrioaromas.com.br\/index.php?rest_route=\/wp\/v2\/types\/product"}],"wp:featuredmedia":[{"embeddable":true,"href":"https:\/\/equilibrioaromas.com.br\/index.php?rest_route=\/wp\/v2\/media\/567"}],"wp:attachment":[{"href":"https:\/\/equilibrioaromas.com.br\/index.php?rest_route=%2Fwp%2Fv2%2Fmedia&parent=407"}],"wp:term":[{"taxonomy":"product_cat","embeddable":true,"href":"https:\/\/equilibrioaromas.com.br\/index.php?rest_route=%2Fwp%2Fv2%2Fproduct_cat&post=407"},{"taxonomy":"product_tag","embeddable":true,"href":"https:\/\/equilibrioaromas.com.br\/index.php?rest_route=%2Fwp%2Fv2%2Fproduct_tag&post=407"}],"curies":[{"name":"wp","href":"https:\/\/api.w.org\/{rel}","templated":true}]}}