{"id":409,"date":"2021-07-17T16:06:39","date_gmt":"2021-07-17T19:06:39","guid":{"rendered":"https:\/\/equilibrioaromas.com.br\/?product=produto-77"},"modified":"2021-07-26T02:47:54","modified_gmt":"2021-07-26T05:47:54","slug":"equilibrio-sabonete-desengraxante","status":"publish","type":"product","link":"https:\/\/equilibrioaromas.com.br\/?product=equilibrio-sabonete-desengraxante","title":{"rendered":"EQUIL\u00cdBRIO LO\u00c7\u00c3O DESENGRAXANTE COM MICROESFERAS"},"content":{"rendered":"<p>Produto especial com microesferas que auxiliam e agem como uma limpeza extra, removendo eficazmente os res\u00edduos mais dif\u00edceis. Para uma melhor limpeza, aplique a lo\u00e7\u00e3o e esfregue as m\u00e3os at\u00e9 desprender os res\u00edduos. Ap\u00f3s esta opera\u00e7\u00e3o, utilizar \u00e1gua, papel ou pano para eliminar totalmente os res\u00edduos. Possui pH fisiol\u00f3gico.<\/p>\n<p>PA070050020 &#8211; 5 L<\/p>\n<p>PA078000020 &#8211; 800 mL REFIL<\/p>\n","protected":false},"excerpt":{"rendered":"<p>Produto especial com microesferas que auxiliam e agem como uma limpeza extra, removendo eficazmente os res\u00edduos mais dif\u00edceis. Para uma melhor limpeza, aplique a lo\u00e7\u00e3o e<span class=\"excerpt-hellip\"> [\u2026]<\/span><\/p>\n","protected":false},"featured_media":588,"template":"","meta":[],"product_cat":[27],"product_tag":[],"_links":{"self":[{"href":"https:\/\/equilibrioaromas.com.br\/index.php?rest_route=\/wp\/v2\/product\/409"}],"collection":[{"href":"https:\/\/equilibrioaromas.com.br\/index.php?rest_route=\/wp\/v2\/product"}],"about":[{"href":"https:\/\/equilibrioaromas.com.br\/index.php?rest_route=\/wp\/v2\/types\/product"}],"wp:featuredmedia":[{"embeddable":true,"href":"https:\/\/equilibrioaromas.com.br\/index.php?rest_route=\/wp\/v2\/media\/588"}],"wp:attachment":[{"href":"https:\/\/equilibrioaromas.com.br\/index.php?rest_route=%2Fwp%2Fv2%2Fmedia&parent=409"}],"wp:term":[{"taxonomy":"product_cat","embeddable":true,"href":"https:\/\/equilibrioaromas.com.br\/index.php?rest_route=%2Fwp%2Fv2%2Fproduct_cat&post=409"},{"taxonomy":"product_tag","embeddable":true,"href":"https:\/\/equilibrioaromas.com.br\/index.php?rest_route=%2Fwp%2Fv2%2Fproduct_tag&post=409"}],"curies":[{"name":"wp","href":"https:\/\/api.w.org\/{rel}","templated":true}]}}