{"id":411,"date":"2021-07-17T16:06:40","date_gmt":"2021-07-17T19:06:40","guid":{"rendered":"https:\/\/equilibrioaromas.com.br\/?product=produto-79"},"modified":"2021-07-17T17:29:52","modified_gmt":"2021-07-17T20:29:52","slug":"equilibrio-aromatizante-lima-da-persia","status":"publish","type":"product","link":"https:\/\/equilibrioaromas.com.br\/?product=equilibrio-aromatizante-lima-da-persia","title":{"rendered":"EQUIL\u00cdBRIO AROMATIZANTE LIMA DA PERSIA"},"content":{"rendered":"<p>Os aromas c\u00edtricos inspiram alegria, energia, vitalidade e harmonia no ambiente. S\u00e3o muito mais do que apenas cheiros. Experimente nossa fragr\u00e2ncia Lima da P\u00e9rsia, dispon\u00edvel em aromatizantes e sabonetes l\u00edquidos. Uma fragr\u00e2ncia realmente inspiradora.<\/p>\n<p>PA070020062 &#8211; 2 L<\/p>\n<p>PA074800062 &#8211; 480 mL &#8211; Spray<\/p>\n<p>PA074800063 &#8211; 480 mL &#8211; Stick<\/p>\n<p>PA074800063 &#8211; 1L &#8211; REFIL<\/p>\n<p>&nbsp;<\/p>\n","protected":false},"excerpt":{"rendered":"<p>Os aromas c\u00edtricos inspiram alegria, energia, vitalidade e harmonia no ambiente. S\u00e3o muito mais do que apenas cheiros. Experimente nossa fragr\u00e2ncia Lima da P\u00e9rsia, dispon\u00edvel em<span class=\"excerpt-hellip\"> [\u2026]<\/span><\/p>\n","protected":false},"featured_media":103,"template":"","meta":[],"product_cat":[16],"product_tag":[],"_links":{"self":[{"href":"https:\/\/equilibrioaromas.com.br\/index.php?rest_route=\/wp\/v2\/product\/411"}],"collection":[{"href":"https:\/\/equilibrioaromas.com.br\/index.php?rest_route=\/wp\/v2\/product"}],"about":[{"href":"https:\/\/equilibrioaromas.com.br\/index.php?rest_route=\/wp\/v2\/types\/product"}],"wp:featuredmedia":[{"embeddable":true,"href":"https:\/\/equilibrioaromas.com.br\/index.php?rest_route=\/wp\/v2\/media\/103"}],"wp:attachment":[{"href":"https:\/\/equilibrioaromas.com.br\/index.php?rest_route=%2Fwp%2Fv2%2Fmedia&parent=411"}],"wp:term":[{"taxonomy":"product_cat","embeddable":true,"href":"https:\/\/equilibrioaromas.com.br\/index.php?rest_route=%2Fwp%2Fv2%2Fproduct_cat&post=411"},{"taxonomy":"product_tag","embeddable":true,"href":"https:\/\/equilibrioaromas.com.br\/index.php?rest_route=%2Fwp%2Fv2%2Fproduct_tag&post=411"}],"curies":[{"name":"wp","href":"https:\/\/api.w.org\/{rel}","templated":true}]}}