{"id":412,"date":"2021-07-17T16:06:40","date_gmt":"2021-07-17T19:06:40","guid":{"rendered":"https:\/\/equilibrioaromas.com.br\/?product=produto-80"},"modified":"2021-07-17T17:43:52","modified_gmt":"2021-07-17T20:43:52","slug":"equilibrio-aromatizante-bamboo","status":"publish","type":"product","link":"https:\/\/equilibrioaromas.com.br\/?product=equilibrio-aromatizante-bamboo","title":{"rendered":"EQUIL\u00cdBRIO AROMATIZANTE BAMBOO"},"content":{"rendered":"<p>O AROMATIZANTE EQUIL\u00cdBRIO BAMBOO cont\u00e9m um aroma fino e elegante ideal para todos os tipos de ambientes.<\/p>\n<p>PA074800055 &#8211; 480 mL &#8211; Stick<\/p>\n<p>PA074800054 &#8211; 480 mL &#8211; Spray<\/p>\n<p>PA070010054 &#8211; 1 L REFIL<\/p>\n<p>PA070020054 &#8211; 2 L<\/p>\n<p>&nbsp;<\/p>\n","protected":false},"excerpt":{"rendered":"<p>O AROMATIZANTE EQUIL\u00cdBRIO BAMBOO cont\u00e9m um aroma fino e elegante ideal para todos os tipos de ambientes. PA074800055 &#8211; 480 mL &#8211; Stick PA074800054 &#8211; 480<span class=\"excerpt-hellip\"> [\u2026]<\/span><\/p>\n","protected":false},"featured_media":81,"template":"","meta":[],"product_cat":[16],"product_tag":[],"_links":{"self":[{"href":"https:\/\/equilibrioaromas.com.br\/index.php?rest_route=\/wp\/v2\/product\/412"}],"collection":[{"href":"https:\/\/equilibrioaromas.com.br\/index.php?rest_route=\/wp\/v2\/product"}],"about":[{"href":"https:\/\/equilibrioaromas.com.br\/index.php?rest_route=\/wp\/v2\/types\/product"}],"wp:featuredmedia":[{"embeddable":true,"href":"https:\/\/equilibrioaromas.com.br\/index.php?rest_route=\/wp\/v2\/media\/81"}],"wp:attachment":[{"href":"https:\/\/equilibrioaromas.com.br\/index.php?rest_route=%2Fwp%2Fv2%2Fmedia&parent=412"}],"wp:term":[{"taxonomy":"product_cat","embeddable":true,"href":"https:\/\/equilibrioaromas.com.br\/index.php?rest_route=%2Fwp%2Fv2%2Fproduct_cat&post=412"},{"taxonomy":"product_tag","embeddable":true,"href":"https:\/\/equilibrioaromas.com.br\/index.php?rest_route=%2Fwp%2Fv2%2Fproduct_tag&post=412"}],"curies":[{"name":"wp","href":"https:\/\/api.w.org\/{rel}","templated":true}]}}