{"id":413,"date":"2021-07-17T16:06:40","date_gmt":"2021-07-17T19:06:40","guid":{"rendered":"https:\/\/equilibrioaromas.com.br\/?product=produto-81"},"modified":"2021-07-17T17:43:20","modified_gmt":"2021-07-17T20:43:20","slug":"equilibrio-aromatizante-vanilla-e-cardamomo","status":"publish","type":"product","link":"https:\/\/equilibrioaromas.com.br\/?product=equilibrio-aromatizante-vanilla-e-cardamomo","title":{"rendered":"EQUIL\u00cdBRIO AROMATIZANTE VANILLA E CARDAMOMO"},"content":{"rendered":"<p>Uma ess\u00eancia penetrante, rica em notas, frutais, florais e doces. O AROMATIZANTE EQUIL\u00cdBRIO VANILLA E CARDAMOMO \u00e9 marcante e penetrante, agreganto requinte e eleg\u00e2ncia ao ambiente.<\/p>\n<p>PA070020070 &#8211;\u00a0 2 L<\/p>\n<p>PA074800070 &#8211;\u00a0 480 mL &#8211; Spray<\/p>\n<p>PA074800071 &#8211; 480 mL &#8211; Stick<\/p>\n<p>PA070010071 &#8211; 1 L &#8211; REFIL<\/p>\n<p>&nbsp;<\/p>\n","protected":false},"excerpt":{"rendered":"<p>Uma ess\u00eancia penetrante, rica em notas, frutais, florais e doces. O AROMATIZANTE EQUIL\u00cdBRIO VANILLA E CARDAMOMO \u00e9 marcante e penetrante, agreganto requinte e eleg\u00e2ncia ao ambiente.<span class=\"excerpt-hellip\"> [\u2026]<\/span><\/p>\n","protected":false},"featured_media":146,"template":"","meta":[],"product_cat":[16],"product_tag":[],"_links":{"self":[{"href":"https:\/\/equilibrioaromas.com.br\/index.php?rest_route=\/wp\/v2\/product\/413"}],"collection":[{"href":"https:\/\/equilibrioaromas.com.br\/index.php?rest_route=\/wp\/v2\/product"}],"about":[{"href":"https:\/\/equilibrioaromas.com.br\/index.php?rest_route=\/wp\/v2\/types\/product"}],"wp:featuredmedia":[{"embeddable":true,"href":"https:\/\/equilibrioaromas.com.br\/index.php?rest_route=\/wp\/v2\/media\/146"}],"wp:attachment":[{"href":"https:\/\/equilibrioaromas.com.br\/index.php?rest_route=%2Fwp%2Fv2%2Fmedia&parent=413"}],"wp:term":[{"taxonomy":"product_cat","embeddable":true,"href":"https:\/\/equilibrioaromas.com.br\/index.php?rest_route=%2Fwp%2Fv2%2Fproduct_cat&post=413"},{"taxonomy":"product_tag","embeddable":true,"href":"https:\/\/equilibrioaromas.com.br\/index.php?rest_route=%2Fwp%2Fv2%2Fproduct_tag&post=413"}],"curies":[{"name":"wp","href":"https:\/\/api.w.org\/{rel}","templated":true}]}}