{"id":415,"date":"2021-07-17T16:06:40","date_gmt":"2021-07-17T19:06:40","guid":{"rendered":"https:\/\/equilibrioaromas.com.br\/?product=produto-83"},"modified":"2021-07-17T17:22:51","modified_gmt":"2021-07-17T20:22:51","slug":"equilibrio-aromatizante-flor-de-laranjeira","status":"publish","type":"product","link":"https:\/\/equilibrioaromas.com.br\/?product=equilibrio-aromatizante-flor-de-laranjeira","title":{"rendered":"EQUIL\u00cdBRIO AROMATIZANTE FLOR DE LARANJEIRA"},"content":{"rendered":"<p>Aroma frutal c\u00edtrico , O AROMATIZANTE EQUIL\u00cdBRIO FLOR DE LARANJEIRA cria um clima de aconchego no ambiente , promovendo a sensa\u00e7\u00e3o de alegria e confraterniza\u00e7\u00e3o, vale a pena conhecer.<br \/>\nPA070020058 &#8211; 2 L<\/p>\n<p>PA070010059 &#8211; 1 L &#8211; REFIL<br \/>\nPA074800058 &#8211; 480 mL Spray<\/p>\n<p>PA074800059 &#8211; 480 mL &#8211; Stick<\/p>\n<p>&nbsp;<\/p>\n","protected":false},"excerpt":{"rendered":"<p>Aroma frutal c\u00edtrico , O AROMATIZANTE EQUIL\u00cdBRIO FLOR DE LARANJEIRA cria um clima de aconchego no ambiente , promovendo a sensa\u00e7\u00e3o de alegria e confraterniza\u00e7\u00e3o, vale<span class=\"excerpt-hellip\"> [\u2026]<\/span><\/p>\n","protected":false},"featured_media":93,"template":"","meta":[],"product_cat":[16],"product_tag":[],"_links":{"self":[{"href":"https:\/\/equilibrioaromas.com.br\/index.php?rest_route=\/wp\/v2\/product\/415"}],"collection":[{"href":"https:\/\/equilibrioaromas.com.br\/index.php?rest_route=\/wp\/v2\/product"}],"about":[{"href":"https:\/\/equilibrioaromas.com.br\/index.php?rest_route=\/wp\/v2\/types\/product"}],"wp:featuredmedia":[{"embeddable":true,"href":"https:\/\/equilibrioaromas.com.br\/index.php?rest_route=\/wp\/v2\/media\/93"}],"wp:attachment":[{"href":"https:\/\/equilibrioaromas.com.br\/index.php?rest_route=%2Fwp%2Fv2%2Fmedia&parent=415"}],"wp:term":[{"taxonomy":"product_cat","embeddable":true,"href":"https:\/\/equilibrioaromas.com.br\/index.php?rest_route=%2Fwp%2Fv2%2Fproduct_cat&post=415"},{"taxonomy":"product_tag","embeddable":true,"href":"https:\/\/equilibrioaromas.com.br\/index.php?rest_route=%2Fwp%2Fv2%2Fproduct_tag&post=415"}],"curies":[{"name":"wp","href":"https:\/\/api.w.org\/{rel}","templated":true}]}}