{"id":416,"date":"2021-07-17T16:06:41","date_gmt":"2021-07-17T19:06:41","guid":{"rendered":"https:\/\/equilibrioaromas.com.br\/?product=produto-84"},"modified":"2021-07-17T17:15:22","modified_gmt":"2021-07-17T20:15:22","slug":"equilibrio-aromatizante-alecrim","status":"publish","type":"product","link":"https:\/\/equilibrioaromas.com.br\/?product=equilibrio-aromatizante-alecrim","title":{"rendered":"EQUIL\u00cdBRIO AROMATIZANTE ALECRIM"},"content":{"rendered":"<p>Frag\u00e2ncia fresca e fresca que inspira a concentra\u00e7\u00e3o e mant\u00e9m o ambiente com aroma super agrad\u00e1vel. O AROMATIZANTE EQUIL\u00cdBRIO ALECRIM \u00e9 indicado para todos os tipos de ambientes.<\/p>\n<p>PA074800050 &#8211; 480 mL Spray<\/p>\n<p>PA074800051 &#8211; 480 mL Stick<\/p>\n<p>PA070010050 &#8211; 1 L REFIL<\/p>\n<p>PA070020050 &#8211; 2 L<\/p>\n<p>&nbsp;<\/p>\n","protected":false},"excerpt":{"rendered":"<p>Frag\u00e2ncia fresca e fresca que inspira a concentra\u00e7\u00e3o e mant\u00e9m o ambiente com aroma super agrad\u00e1vel. O AROMATIZANTE EQUIL\u00cdBRIO ALECRIM \u00e9 indicado para todos os tipos<span class=\"excerpt-hellip\"> [\u2026]<\/span><\/p>\n","protected":false},"featured_media":67,"template":"","meta":[],"product_cat":[16],"product_tag":[],"_links":{"self":[{"href":"https:\/\/equilibrioaromas.com.br\/index.php?rest_route=\/wp\/v2\/product\/416"}],"collection":[{"href":"https:\/\/equilibrioaromas.com.br\/index.php?rest_route=\/wp\/v2\/product"}],"about":[{"href":"https:\/\/equilibrioaromas.com.br\/index.php?rest_route=\/wp\/v2\/types\/product"}],"wp:featuredmedia":[{"embeddable":true,"href":"https:\/\/equilibrioaromas.com.br\/index.php?rest_route=\/wp\/v2\/media\/67"}],"wp:attachment":[{"href":"https:\/\/equilibrioaromas.com.br\/index.php?rest_route=%2Fwp%2Fv2%2Fmedia&parent=416"}],"wp:term":[{"taxonomy":"product_cat","embeddable":true,"href":"https:\/\/equilibrioaromas.com.br\/index.php?rest_route=%2Fwp%2Fv2%2Fproduct_cat&post=416"},{"taxonomy":"product_tag","embeddable":true,"href":"https:\/\/equilibrioaromas.com.br\/index.php?rest_route=%2Fwp%2Fv2%2Fproduct_tag&post=416"}],"curies":[{"name":"wp","href":"https:\/\/api.w.org\/{rel}","templated":true}]}}