{"id":417,"date":"2021-07-17T16:06:41","date_gmt":"2021-07-17T19:06:41","guid":{"rendered":"https:\/\/equilibrioaromas.com.br\/?product=produto-85"},"modified":"2021-07-26T02:25:48","modified_gmt":"2021-07-26T05:25:48","slug":"equilibrio-senior-desodorizador-de-ambientes","status":"publish","type":"product","link":"https:\/\/equilibrioaromas.com.br\/?product=equilibrio-senior-desodorizador-de-ambientes","title":{"rendered":"EQUIL\u00cdBRIO S\u00caNIOR &#8211; DESODORIZADOR DE AMBIENTES"},"content":{"rendered":"<p>Elimina odores desagrad\u00e1veis atrav\u00e9s de uma avan\u00e7ada tecnologia, a qual encapsula maus odores com efeito prolongado. Cont\u00e9m em sua f\u00f3rmula o exclusivo sistema de NANO-PART\u00cdCULAS, que funciona como um super-absorvente para mal-odores e ao mesmo tempo permite a libera\u00e7\u00e3o da fragr\u00e2ncia.<\/p>\n<p>PA070050028 &#8211; 5 L<\/p>\n<p>&nbsp;<\/p>\n","protected":false},"excerpt":{"rendered":"<p>Elimina odores desagrad\u00e1veis atrav\u00e9s de uma avan\u00e7ada tecnologia, a qual encapsula maus odores com efeito prolongado. Cont\u00e9m em sua f\u00f3rmula o exclusivo sistema de NANO-PART\u00cdCULAS, que<span class=\"excerpt-hellip\"> [\u2026]<\/span><\/p>\n","protected":false},"featured_media":586,"template":"","meta":[],"product_cat":[16],"product_tag":[],"_links":{"self":[{"href":"https:\/\/equilibrioaromas.com.br\/index.php?rest_route=\/wp\/v2\/product\/417"}],"collection":[{"href":"https:\/\/equilibrioaromas.com.br\/index.php?rest_route=\/wp\/v2\/product"}],"about":[{"href":"https:\/\/equilibrioaromas.com.br\/index.php?rest_route=\/wp\/v2\/types\/product"}],"wp:featuredmedia":[{"embeddable":true,"href":"https:\/\/equilibrioaromas.com.br\/index.php?rest_route=\/wp\/v2\/media\/586"}],"wp:attachment":[{"href":"https:\/\/equilibrioaromas.com.br\/index.php?rest_route=%2Fwp%2Fv2%2Fmedia&parent=417"}],"wp:term":[{"taxonomy":"product_cat","embeddable":true,"href":"https:\/\/equilibrioaromas.com.br\/index.php?rest_route=%2Fwp%2Fv2%2Fproduct_cat&post=417"},{"taxonomy":"product_tag","embeddable":true,"href":"https:\/\/equilibrioaromas.com.br\/index.php?rest_route=%2Fwp%2Fv2%2Fproduct_tag&post=417"}],"curies":[{"name":"wp","href":"https:\/\/api.w.org\/{rel}","templated":true}]}}