{"id":418,"date":"2021-07-17T16:06:41","date_gmt":"2021-07-17T19:06:41","guid":{"rendered":"https:\/\/equilibrioaromas.com.br\/?product=produto-86"},"modified":"2021-07-25T23:51:53","modified_gmt":"2021-07-26T02:51:53","slug":"produto-86","status":"publish","type":"product","link":"https:\/\/equilibrioaromas.com.br\/?product=produto-86","title":{"rendered":"EQUIL\u00cdBRIO SPRAY ANTISSEPTICO"},"content":{"rendered":"<p>Antiss\u00e9ptico instant\u00e2neo no sistema spray, o qual garante economia e efic\u00e1cia do produto, com v\u00e1lvula exclusiva. Possui umectantes especiais, que deixam as m\u00e3os macias e sedosas, gerando conforto e seguran\u00e7a aos usu\u00e1rios. Tem o objetivo de prevenir a contamina\u00e7\u00e3o cruzada ou a contamina\u00e7\u00e3o pela transmiss\u00e3o de bact\u00e9rias atrav\u00e9s das m\u00e3os, onde h\u00e1 a necessidade de uma higieniza\u00e7\u00e3o sem uso de \u00e1gua. Desenvolvido com \u00e1lcool derivado de cereais. Utilizar antes e ap\u00f3s o contato com pacientes. Deve ser utilizado com frequ\u00eancia em qualquer \u00e1rea, sendo hospitalar, aliment\u00edcia, industrial, comercial, residencial, etc.<\/p>\n<p>PA070050007 &#8211; 5L<\/p>\n<p>PA077000007- 700 mL &#8211; REFIL<\/p>\n<p>PA077500007 &#8211; 750 mL<\/p>\n<p>&nbsp;<\/p>\n","protected":false},"excerpt":{"rendered":"<p>Antiss\u00e9ptico instant\u00e2neo no sistema spray, o qual garante economia e efic\u00e1cia do produto, com v\u00e1lvula exclusiva. Possui umectantes especiais, que deixam as m\u00e3os macias e sedosas,<span class=\"excerpt-hellip\"> [\u2026]<\/span><\/p>\n","protected":false},"featured_media":577,"template":"","meta":[],"product_cat":[18],"product_tag":[],"_links":{"self":[{"href":"https:\/\/equilibrioaromas.com.br\/index.php?rest_route=\/wp\/v2\/product\/418"}],"collection":[{"href":"https:\/\/equilibrioaromas.com.br\/index.php?rest_route=\/wp\/v2\/product"}],"about":[{"href":"https:\/\/equilibrioaromas.com.br\/index.php?rest_route=\/wp\/v2\/types\/product"}],"wp:featuredmedia":[{"embeddable":true,"href":"https:\/\/equilibrioaromas.com.br\/index.php?rest_route=\/wp\/v2\/media\/577"}],"wp:attachment":[{"href":"https:\/\/equilibrioaromas.com.br\/index.php?rest_route=%2Fwp%2Fv2%2Fmedia&parent=418"}],"wp:term":[{"taxonomy":"product_cat","embeddable":true,"href":"https:\/\/equilibrioaromas.com.br\/index.php?rest_route=%2Fwp%2Fv2%2Fproduct_cat&post=418"},{"taxonomy":"product_tag","embeddable":true,"href":"https:\/\/equilibrioaromas.com.br\/index.php?rest_route=%2Fwp%2Fv2%2Fproduct_tag&post=418"}],"curies":[{"name":"wp","href":"https:\/\/api.w.org\/{rel}","templated":true}]}}