{"id":422,"date":"2021-07-17T16:06:42","date_gmt":"2021-07-17T19:06:42","guid":{"rendered":"https:\/\/equilibrioaromas.com.br\/?product=produto-90"},"modified":"2021-07-26T01:32:35","modified_gmt":"2021-07-26T04:32:35","slug":"equilibrio-sabonete-natureza","status":"publish","type":"product","link":"https:\/\/equilibrioaromas.com.br\/?product=equilibrio-sabonete-natureza","title":{"rendered":"EQUIL\u00cdBRIO SABONETE NATUREZA"},"content":{"rendered":"<p>Desenvolvidos com mat\u00e9rias-primas selecionadas e um sofisticado sistema de \u00e1gua de osmose reversa. Todo esse cuidado se reflete em produtos com agrad\u00e1vel sensa\u00e7\u00e3o de maciez, excelente performance, levemente perfumados e com pH fisiol\u00f3gico, sendo indicados para a limpeza e higieniza\u00e7\u00e3o de todo o corpo. FRAGR\u00c2NCIAS: Algas Marinhas, Absolut, Champagne, Charm, Erva Doce, Ma\u00e7\u00e3 Verde, Natureza, Neutro, Pitanga e Rosas.<\/p>\n<p>PA070010001 &#8211; \u00a01L<\/p>\n<p>PA070050001 &#8211; \u00a05L<\/p>\n<p>PA078003001 &#8211; 800mL refil<\/p>\n<p>&nbsp;<\/p>\n","protected":false},"excerpt":{"rendered":"<p>Desenvolvidos com mat\u00e9rias-primas selecionadas e um sofisticado sistema de \u00e1gua de osmose reversa. Todo esse cuidado se reflete em produtos com agrad\u00e1vel sensa\u00e7\u00e3o de maciez, excelente<span class=\"excerpt-hellip\"> [\u2026]<\/span><\/p>\n","protected":false},"featured_media":582,"template":"","meta":[],"product_cat":[19],"product_tag":[],"_links":{"self":[{"href":"https:\/\/equilibrioaromas.com.br\/index.php?rest_route=\/wp\/v2\/product\/422"}],"collection":[{"href":"https:\/\/equilibrioaromas.com.br\/index.php?rest_route=\/wp\/v2\/product"}],"about":[{"href":"https:\/\/equilibrioaromas.com.br\/index.php?rest_route=\/wp\/v2\/types\/product"}],"wp:featuredmedia":[{"embeddable":true,"href":"https:\/\/equilibrioaromas.com.br\/index.php?rest_route=\/wp\/v2\/media\/582"}],"wp:attachment":[{"href":"https:\/\/equilibrioaromas.com.br\/index.php?rest_route=%2Fwp%2Fv2%2Fmedia&parent=422"}],"wp:term":[{"taxonomy":"product_cat","embeddable":true,"href":"https:\/\/equilibrioaromas.com.br\/index.php?rest_route=%2Fwp%2Fv2%2Fproduct_cat&post=422"},{"taxonomy":"product_tag","embeddable":true,"href":"https:\/\/equilibrioaromas.com.br\/index.php?rest_route=%2Fwp%2Fv2%2Fproduct_tag&post=422"}],"curies":[{"name":"wp","href":"https:\/\/api.w.org\/{rel}","templated":true}]}}