{"id":437,"date":"2021-07-17T17:58:48","date_gmt":"2021-07-17T20:58:48","guid":{"rendered":"https:\/\/equilibrioaromas.com.br\/?post_type=product&#038;p=437"},"modified":"2021-07-17T18:05:33","modified_gmt":"2021-07-17T21:05:33","slug":"equilibrio-sabonete-espuma-alecrim","status":"publish","type":"product","link":"https:\/\/equilibrioaromas.com.br\/?product=equilibrio-sabonete-espuma-alecrim","title":{"rendered":"EQUIL\u00cdBRIO SABONETE ESPUMA ALECRIM"},"content":{"rendered":"<p>Especialmente desenvolvidos para o sistema gerador de espuma, que confere ao produto uma qualidade superior e economia. O Equil\u00edbrio Sabonete Espuma Bamboo foi elaborado com mat\u00e9rias-primas finas, selecionadas cuidadosamente, a fim de se obter uma formula\u00e7\u00e3o balanceada com hidratantes e emolientes que aliam suavidade, rendimento e harmonia \u00e0 pele. Pele suavemente perfumada com a fragr\u00e2ncia refrescante do Alecrim. \u00a0Conhe\u00e7a as outras fragr\u00e2ncias dispon\u00edveis.<\/p>\n<p>PA070050053 &#8211; 5 L<br \/>\nPA078000053 &#8211; 700 mL &#8211; REFIL<\/p>\n<p>&nbsp;<\/p>\n","protected":false},"excerpt":{"rendered":"<p>Especialmente desenvolvidos para o sistema gerador de espuma, que confere ao produto uma qualidade superior e economia. O Equil\u00edbrio Sabonete Espuma Bamboo foi elaborado com mat\u00e9rias-primas<span class=\"excerpt-hellip\"> [\u2026]<\/span><\/p>\n","protected":false},"featured_media":62,"template":"","meta":[],"product_cat":[17],"product_tag":[],"_links":{"self":[{"href":"https:\/\/equilibrioaromas.com.br\/index.php?rest_route=\/wp\/v2\/product\/437"}],"collection":[{"href":"https:\/\/equilibrioaromas.com.br\/index.php?rest_route=\/wp\/v2\/product"}],"about":[{"href":"https:\/\/equilibrioaromas.com.br\/index.php?rest_route=\/wp\/v2\/types\/product"}],"wp:featuredmedia":[{"embeddable":true,"href":"https:\/\/equilibrioaromas.com.br\/index.php?rest_route=\/wp\/v2\/media\/62"}],"wp:attachment":[{"href":"https:\/\/equilibrioaromas.com.br\/index.php?rest_route=%2Fwp%2Fv2%2Fmedia&parent=437"}],"wp:term":[{"taxonomy":"product_cat","embeddable":true,"href":"https:\/\/equilibrioaromas.com.br\/index.php?rest_route=%2Fwp%2Fv2%2Fproduct_cat&post=437"},{"taxonomy":"product_tag","embeddable":true,"href":"https:\/\/equilibrioaromas.com.br\/index.php?rest_route=%2Fwp%2Fv2%2Fproduct_tag&post=437"}],"curies":[{"name":"wp","href":"https:\/\/api.w.org\/{rel}","templated":true}]}}