{"id":522,"date":"2021-07-20T20:53:59","date_gmt":"2021-07-20T23:53:59","guid":{"rendered":"https:\/\/equilibrioaromas.com.br\/?post_type=product&#038;p=522"},"modified":"2021-07-20T20:57:27","modified_gmt":"2021-07-20T23:57:27","slug":"equilibrio-sabonete-roma-e-peonia","status":"publish","type":"product","link":"https:\/\/equilibrioaromas.com.br\/?product=equilibrio-sabonete-roma-e-peonia","title":{"rendered":"EQUIL\u00cdBRIO SABONETE ROM\u00c3 E PE\u00d4NIA"},"content":{"rendered":"<p>O Equil\u00edbrio Sabonete ROM\u00c3 E PE\u00d4NIA foi elaborado com mat\u00e9rias-primas finas, selecionadas cuidadosamente, a fim de se obter uma formula\u00e7\u00e3o balanceada com hidratantes e emolientes que aliam suavidade, rendimento e harmonia \u00e0 pele. Pele suavemente perfumada. Conhe\u00e7a as outras fragr\u00e2ncias dispon\u00edveis.<\/p>\n<p>PA070010068 &#8211; 1 L<br \/>\nPA070050068 &#8211; 5 L<br \/>\nPA074801068 &#8211; 480 mL &#8211; Disktop<\/p>\n<p>PA074800068 &#8211; 480 mL &#8211; Pump<br \/>\nPA078000068 &#8211; 800 mL &#8211; REFIL<\/p>\n<p>&nbsp;<\/p>\n","protected":false},"excerpt":{"rendered":"<p>O Equil\u00edbrio Sabonete ROM\u00c3 E PE\u00d4NIA foi elaborado com mat\u00e9rias-primas finas, selecionadas cuidadosamente, a fim de se obter uma formula\u00e7\u00e3o balanceada com hidratantes e emolientes que<span class=\"excerpt-hellip\"> [\u2026]<\/span><\/p>\n","protected":false},"featured_media":130,"template":"","meta":[],"product_cat":[19],"product_tag":[],"_links":{"self":[{"href":"https:\/\/equilibrioaromas.com.br\/index.php?rest_route=\/wp\/v2\/product\/522"}],"collection":[{"href":"https:\/\/equilibrioaromas.com.br\/index.php?rest_route=\/wp\/v2\/product"}],"about":[{"href":"https:\/\/equilibrioaromas.com.br\/index.php?rest_route=\/wp\/v2\/types\/product"}],"wp:featuredmedia":[{"embeddable":true,"href":"https:\/\/equilibrioaromas.com.br\/index.php?rest_route=\/wp\/v2\/media\/130"}],"wp:attachment":[{"href":"https:\/\/equilibrioaromas.com.br\/index.php?rest_route=%2Fwp%2Fv2%2Fmedia&parent=522"}],"wp:term":[{"taxonomy":"product_cat","embeddable":true,"href":"https:\/\/equilibrioaromas.com.br\/index.php?rest_route=%2Fwp%2Fv2%2Fproduct_cat&post=522"},{"taxonomy":"product_tag","embeddable":true,"href":"https:\/\/equilibrioaromas.com.br\/index.php?rest_route=%2Fwp%2Fv2%2Fproduct_tag&post=522"}],"curies":[{"name":"wp","href":"https:\/\/api.w.org\/{rel}","templated":true}]}}