{"id":529,"date":"2021-07-20T21:25:02","date_gmt":"2021-07-21T00:25:02","guid":{"rendered":"https:\/\/equilibrioaromas.com.br\/?post_type=product&#038;p=529"},"modified":"2021-07-25T20:53:18","modified_gmt":"2021-07-25T23:53:18","slug":"equilibrio-sabonete-espuma-antisseptico-clorexidina","status":"publish","type":"product","link":"https:\/\/equilibrioaromas.com.br\/?product=equilibrio-sabonete-espuma-antisseptico-clorexidina","title":{"rendered":"EQUIL\u00cdBRIO SABONETE ESPUMA ANTISS\u00c9PTICO CLOREXIDINA"},"content":{"rendered":"<p>Especialmente desenvolvido para uso em centros cir\u00fargicos e \u00e1rea de sa\u00fade em geral. Devido ao sistema gerador de espuma, confere economia e efic\u00e1cia na higieniza\u00e7\u00e3o das m\u00e3os, bra\u00e7os e antebra\u00e7os. N\u00e3o resseca a pele, possui pH fisiol\u00f3gico. Elimina germes e bact\u00e9rias GRAM (+) e GRAM (-), entre outras<\/p>\n<p>PA070050032 &#8211; 5 L<\/p>\n<p>PA077000032 &#8211; 700 mL REFIL<\/p>\n<p>&nbsp;<\/p>\n","protected":false},"excerpt":{"rendered":"<p>Especialmente desenvolvido para uso em centros cir\u00fargicos e \u00e1rea de sa\u00fade em geral. Devido ao sistema gerador de espuma, confere economia e efic\u00e1cia na higieniza\u00e7\u00e3o das<span class=\"excerpt-hellip\"> [\u2026]<\/span><\/p>\n","protected":false},"featured_media":568,"template":"","meta":[],"product_cat":[17],"product_tag":[],"_links":{"self":[{"href":"https:\/\/equilibrioaromas.com.br\/index.php?rest_route=\/wp\/v2\/product\/529"}],"collection":[{"href":"https:\/\/equilibrioaromas.com.br\/index.php?rest_route=\/wp\/v2\/product"}],"about":[{"href":"https:\/\/equilibrioaromas.com.br\/index.php?rest_route=\/wp\/v2\/types\/product"}],"wp:featuredmedia":[{"embeddable":true,"href":"https:\/\/equilibrioaromas.com.br\/index.php?rest_route=\/wp\/v2\/media\/568"}],"wp:attachment":[{"href":"https:\/\/equilibrioaromas.com.br\/index.php?rest_route=%2Fwp%2Fv2%2Fmedia&parent=529"}],"wp:term":[{"taxonomy":"product_cat","embeddable":true,"href":"https:\/\/equilibrioaromas.com.br\/index.php?rest_route=%2Fwp%2Fv2%2Fproduct_cat&post=529"},{"taxonomy":"product_tag","embeddable":true,"href":"https:\/\/equilibrioaromas.com.br\/index.php?rest_route=%2Fwp%2Fv2%2Fproduct_tag&post=529"}],"curies":[{"name":"wp","href":"https:\/\/api.w.org\/{rel}","templated":true}]}}