{"id":533,"date":"2021-07-20T21:56:38","date_gmt":"2021-07-21T00:56:38","guid":{"rendered":"https:\/\/equilibrioaromas.com.br\/?post_type=product&#038;p=533"},"modified":"2021-07-20T22:02:03","modified_gmt":"2021-07-21T01:02:03","slug":"equilibrio-sabonete-erva-doce-premium","status":"publish","type":"product","link":"https:\/\/equilibrioaromas.com.br\/?product=equilibrio-sabonete-erva-doce-premium","title":{"rendered":"EQUIL\u00cdBRIO SABONETE ERVA DOCE PREMIUM"},"content":{"rendered":"<p>Indicado para a limpeza das m\u00e3os, do rosto e do corpo. Possui formula\u00e7\u00e3o balanceada e PH neutro, n\u00e3o agride a pele e proporciona maciez e sedosidade. Esse produto n\u00e3o agride a pele, pois possui pH neutro.<\/p>\n<p>PA070010023 &#8211; 1 L<br \/>\nPA070050023 &#8211; 5 L<br \/>\nPA078000023 &#8211; 800 mL &#8211; REFIL<\/p>\n<p>&nbsp;<\/p>\n","protected":false},"excerpt":{"rendered":"<p>Indicado para a limpeza das m\u00e3os, do rosto e do corpo. Possui formula\u00e7\u00e3o balanceada e PH neutro, n\u00e3o agride a pele e proporciona maciez e sedosidade.<span class=\"excerpt-hellip\"> [\u2026]<\/span><\/p>\n","protected":false},"featured_media":88,"template":"","meta":[],"product_cat":[19],"product_tag":[],"_links":{"self":[{"href":"https:\/\/equilibrioaromas.com.br\/index.php?rest_route=\/wp\/v2\/product\/533"}],"collection":[{"href":"https:\/\/equilibrioaromas.com.br\/index.php?rest_route=\/wp\/v2\/product"}],"about":[{"href":"https:\/\/equilibrioaromas.com.br\/index.php?rest_route=\/wp\/v2\/types\/product"}],"wp:featuredmedia":[{"embeddable":true,"href":"https:\/\/equilibrioaromas.com.br\/index.php?rest_route=\/wp\/v2\/media\/88"}],"wp:attachment":[{"href":"https:\/\/equilibrioaromas.com.br\/index.php?rest_route=%2Fwp%2Fv2%2Fmedia&parent=533"}],"wp:term":[{"taxonomy":"product_cat","embeddable":true,"href":"https:\/\/equilibrioaromas.com.br\/index.php?rest_route=%2Fwp%2Fv2%2Fproduct_cat&post=533"},{"taxonomy":"product_tag","embeddable":true,"href":"https:\/\/equilibrioaromas.com.br\/index.php?rest_route=%2Fwp%2Fv2%2Fproduct_tag&post=533"}],"curies":[{"name":"wp","href":"https:\/\/api.w.org\/{rel}","templated":true}]}}