{"id":540,"date":"2021-07-20T23:12:29","date_gmt":"2021-07-21T02:12:29","guid":{"rendered":"https:\/\/equilibrioaromas.com.br\/?post_type=product&#038;p=540"},"modified":"2021-07-20T23:14:31","modified_gmt":"2021-07-21T02:14:31","slug":"equilibrio-placa-aromatizante-tutti-frutti","status":"publish","type":"product","link":"https:\/\/equilibrioaromas.com.br\/?product=equilibrio-placa-aromatizante-tutti-frutti","title":{"rendered":"EQUIL\u00cdBRIO PLACA AROMATIZANTE TUTTI-FRUTTI"},"content":{"rendered":"<p>Este produto foi desenvolvido para aromatizar ambientes onde haja necessidade de aromatiza\u00e7\u00e3o cont\u00ednua com durabilidade de v\u00e1rios dias. As placas flex\u00edveis Equil\u00edbrio s\u00e3o aromatizadas com um moderno processo de fabrica\u00e7\u00e3o, com fragr\u00e2ncias nobres e especiais. Podem ser utilizadas em diversas situa\u00e7\u00f5es como: banheiros, ralos, mict\u00f3rios masculinos, arm\u00e1rios, carros e onde houver necessidade de uma aromatiza\u00e7\u00e3o suave e cont\u00ednua. MODO DE USAR: Retirar da embalagem e colocar no local desejado. A durabilidade depende do local, pois em arm\u00e1rios, gavetas e locais com pouca ventila\u00e7\u00e3o dura v\u00e1rios meses. Em mict\u00f3rios masculinos com \u00e1gua corrente dura em m\u00e9dia 30 dias. Para substituir as placas dos mict\u00f3rios \u00e9 s\u00f3 utilizar a embalagem da nova placa como luva e descartar a placa velha.<\/p>\n<p>PA070000072 &#8211; 1 UN<\/p>\n<p>&nbsp;<\/p>\n","protected":false},"excerpt":{"rendered":"<p>Este produto foi desenvolvido para aromatizar ambientes onde haja necessidade de aromatiza\u00e7\u00e3o cont\u00ednua com durabilidade de v\u00e1rios dias. As placas flex\u00edveis Equil\u00edbrio s\u00e3o aromatizadas com um<span class=\"excerpt-hellip\"> [\u2026]<\/span><\/p>\n","protected":false},"featured_media":107,"template":"","meta":[],"product_cat":[16],"product_tag":[],"_links":{"self":[{"href":"https:\/\/equilibrioaromas.com.br\/index.php?rest_route=\/wp\/v2\/product\/540"}],"collection":[{"href":"https:\/\/equilibrioaromas.com.br\/index.php?rest_route=\/wp\/v2\/product"}],"about":[{"href":"https:\/\/equilibrioaromas.com.br\/index.php?rest_route=\/wp\/v2\/types\/product"}],"wp:featuredmedia":[{"embeddable":true,"href":"https:\/\/equilibrioaromas.com.br\/index.php?rest_route=\/wp\/v2\/media\/107"}],"wp:attachment":[{"href":"https:\/\/equilibrioaromas.com.br\/index.php?rest_route=%2Fwp%2Fv2%2Fmedia&parent=540"}],"wp:term":[{"taxonomy":"product_cat","embeddable":true,"href":"https:\/\/equilibrioaromas.com.br\/index.php?rest_route=%2Fwp%2Fv2%2Fproduct_cat&post=540"},{"taxonomy":"product_tag","embeddable":true,"href":"https:\/\/equilibrioaromas.com.br\/index.php?rest_route=%2Fwp%2Fv2%2Fproduct_tag&post=540"}],"curies":[{"name":"wp","href":"https:\/\/api.w.org\/{rel}","templated":true}]}}