{"id":544,"date":"2021-07-20T23:18:37","date_gmt":"2021-07-21T02:18:37","guid":{"rendered":"https:\/\/equilibrioaromas.com.br\/?post_type=product&#038;p=544"},"modified":"2021-07-25T21:00:02","modified_gmt":"2021-07-26T00:00:02","slug":"equilibrio-sabonete-absolut","status":"publish","type":"product","link":"https:\/\/equilibrioaromas.com.br\/?product=equilibrio-sabonete-absolut","title":{"rendered":"EQUIL\u00cdBRIO SABONETE ABSOLUT"},"content":{"rendered":"<p>Desenvolvidos com mat\u00e9rias-primas selecionadas e um sofisticado sistema de \u00e1gua de osmose reversa. Todo esse cuidado se reflete em produtos com agrad\u00e1vel sensa\u00e7\u00e3o de maciez, excelente performance, levemente perfumados e com pH fisiol\u00f3gico, sendo indicados para a limpeza e higieniza\u00e7\u00e3o de todo o corpo. FRAGR\u00c2NCIAS: Algas Marinhas, Absolut, Champagne, Charm, Erva Doce, Neutro e Rosas.<\/p>\n<p>PA070010017 &#8211; 1 L<br \/>\nPA070050017 &#8211; 5 L<br \/>\nPA078000017 &#8211; 800 mL &#8211; REFIL<\/p>\n<p>&nbsp;<\/p>\n","protected":false},"excerpt":{"rendered":"<p>Desenvolvidos com mat\u00e9rias-primas selecionadas e um sofisticado sistema de \u00e1gua de osmose reversa. Todo esse cuidado se reflete em produtos com agrad\u00e1vel sensa\u00e7\u00e3o de maciez, excelente<span class=\"excerpt-hellip\"> [\u2026]<\/span><\/p>\n","protected":false},"featured_media":572,"template":"","meta":[],"product_cat":[24,19],"product_tag":[],"_links":{"self":[{"href":"https:\/\/equilibrioaromas.com.br\/index.php?rest_route=\/wp\/v2\/product\/544"}],"collection":[{"href":"https:\/\/equilibrioaromas.com.br\/index.php?rest_route=\/wp\/v2\/product"}],"about":[{"href":"https:\/\/equilibrioaromas.com.br\/index.php?rest_route=\/wp\/v2\/types\/product"}],"wp:featuredmedia":[{"embeddable":true,"href":"https:\/\/equilibrioaromas.com.br\/index.php?rest_route=\/wp\/v2\/media\/572"}],"wp:attachment":[{"href":"https:\/\/equilibrioaromas.com.br\/index.php?rest_route=%2Fwp%2Fv2%2Fmedia&parent=544"}],"wp:term":[{"taxonomy":"product_cat","embeddable":true,"href":"https:\/\/equilibrioaromas.com.br\/index.php?rest_route=%2Fwp%2Fv2%2Fproduct_cat&post=544"},{"taxonomy":"product_tag","embeddable":true,"href":"https:\/\/equilibrioaromas.com.br\/index.php?rest_route=%2Fwp%2Fv2%2Fproduct_tag&post=544"}],"curies":[{"name":"wp","href":"https:\/\/api.w.org\/{rel}","templated":true}]}}