{"id":546,"date":"2021-07-20T23:29:32","date_gmt":"2021-07-21T02:29:32","guid":{"rendered":"https:\/\/equilibrioaromas.com.br\/?post_type=product&#038;p=546"},"modified":"2021-07-20T23:33:51","modified_gmt":"2021-07-21T02:33:51","slug":"equilibrio-alcool-gel-antisseptico-70o-inpm","status":"publish","type":"product","link":"https:\/\/equilibrioaromas.com.br\/?product=equilibrio-alcool-gel-antisseptico-70o-inpm","title":{"rendered":"EQUIL\u00cdBRIO \u00c1LCOOL GEL ANTISSEPTICO &#8211; 70\u00ba INPM"},"content":{"rendered":"<p>Equil\u00edbrio Antiss\u00e9ptico &#8211; \u00c1lcool Gel 70\u00ba INPM com Glicerina Desenvolvido para a higieniza\u00e7\u00e3o das m\u00e3os, como preventivo contra v\u00edrus e bact\u00e9rias, sem a necessidade de usar \u00e1gua e sab\u00e3o ou mesmo a toalha para secagem. O \u00c1lcool Gel \u00e9 recomendado pela OMS (Organiza\u00e7\u00e3o Mundial de Sa\u00fade), devendo ser utilizado no dia a dia das pessoas, como preven\u00e7\u00e3o ao v\u00edrus H1N1, visando evitar a contamina\u00e7\u00e3o. Utilizar antes e ap\u00f3s o contato com pacientes. Deve ser utilizado com frequ\u00eancia e em qualquer \u00e1rea, sendo hospitalar, industrial, comercial, residencial, etc.<\/p>\n<p>PA070050003 &#8211; 5L<\/p>\n<p>PA070001003-\u00a0 1 L<\/p>\n<p>PA078000003 &#8211; 800 mL<\/p>\n<p>&nbsp;<\/p>\n","protected":false},"excerpt":{"rendered":"<p>Equil\u00edbrio Antiss\u00e9ptico &#8211; \u00c1lcool Gel 70\u00ba INPM com Glicerina Desenvolvido para a higieniza\u00e7\u00e3o das m\u00e3os, como preventivo contra v\u00edrus e bact\u00e9rias, sem a necessidade de usar<span class=\"excerpt-hellip\"> [\u2026]<\/span><\/p>\n","protected":false},"featured_media":59,"template":"","meta":[],"product_cat":[18],"product_tag":[],"_links":{"self":[{"href":"https:\/\/equilibrioaromas.com.br\/index.php?rest_route=\/wp\/v2\/product\/546"}],"collection":[{"href":"https:\/\/equilibrioaromas.com.br\/index.php?rest_route=\/wp\/v2\/product"}],"about":[{"href":"https:\/\/equilibrioaromas.com.br\/index.php?rest_route=\/wp\/v2\/types\/product"}],"wp:featuredmedia":[{"embeddable":true,"href":"https:\/\/equilibrioaromas.com.br\/index.php?rest_route=\/wp\/v2\/media\/59"}],"wp:attachment":[{"href":"https:\/\/equilibrioaromas.com.br\/index.php?rest_route=%2Fwp%2Fv2%2Fmedia&parent=546"}],"wp:term":[{"taxonomy":"product_cat","embeddable":true,"href":"https:\/\/equilibrioaromas.com.br\/index.php?rest_route=%2Fwp%2Fv2%2Fproduct_cat&post=546"},{"taxonomy":"product_tag","embeddable":true,"href":"https:\/\/equilibrioaromas.com.br\/index.php?rest_route=%2Fwp%2Fv2%2Fproduct_tag&post=546"}],"curies":[{"name":"wp","href":"https:\/\/api.w.org\/{rel}","templated":true}]}}