{"id":549,"date":"2021-07-20T23:42:37","date_gmt":"2021-07-21T02:42:37","guid":{"rendered":"https:\/\/equilibrioaromas.com.br\/?post_type=product&#038;p=549"},"modified":"2021-07-25T20:05:02","modified_gmt":"2021-07-25T23:05:02","slug":"equilibrio-aromatizante-dressy","status":"publish","type":"product","link":"https:\/\/equilibrioaromas.com.br\/?product=equilibrio-aromatizante-dressy","title":{"rendered":"EQUIL\u00cdBRIO AROMATIZANTE DRESSY"},"content":{"rendered":"<p>Equil\u00edbrio Aromatizante Dressy foi elaborado com mat\u00e9rias-primas finas, selecionadas cuidadosamente, a fim de se obter uma formula\u00e7\u00e3o balanceada com perfuma\u00e7\u00e3o duradoura e eficaz<\/p>\n<p>PA070050013 &#8211; 5 L<\/p>\n<p>&nbsp;<\/p>\n","protected":false},"excerpt":{"rendered":"<p>Equil\u00edbrio Aromatizante Dressy foi elaborado com mat\u00e9rias-primas finas, selecionadas cuidadosamente, a fim de se obter uma formula\u00e7\u00e3o balanceada com perfuma\u00e7\u00e3o duradoura e eficaz PA070050013 &#8211; 5<span class=\"excerpt-hellip\"> [\u2026]<\/span><\/p>\n","protected":false},"featured_media":566,"template":"","meta":[],"product_cat":[16],"product_tag":[],"_links":{"self":[{"href":"https:\/\/equilibrioaromas.com.br\/index.php?rest_route=\/wp\/v2\/product\/549"}],"collection":[{"href":"https:\/\/equilibrioaromas.com.br\/index.php?rest_route=\/wp\/v2\/product"}],"about":[{"href":"https:\/\/equilibrioaromas.com.br\/index.php?rest_route=\/wp\/v2\/types\/product"}],"wp:featuredmedia":[{"embeddable":true,"href":"https:\/\/equilibrioaromas.com.br\/index.php?rest_route=\/wp\/v2\/media\/566"}],"wp:attachment":[{"href":"https:\/\/equilibrioaromas.com.br\/index.php?rest_route=%2Fwp%2Fv2%2Fmedia&parent=549"}],"wp:term":[{"taxonomy":"product_cat","embeddable":true,"href":"https:\/\/equilibrioaromas.com.br\/index.php?rest_route=%2Fwp%2Fv2%2Fproduct_cat&post=549"},{"taxonomy":"product_tag","embeddable":true,"href":"https:\/\/equilibrioaromas.com.br\/index.php?rest_route=%2Fwp%2Fv2%2Fproduct_tag&post=549"}],"curies":[{"name":"wp","href":"https:\/\/api.w.org\/{rel}","templated":true}]}}